{"id":14963,"date":"2011-10-20T03:37:50","date_gmt":"2011-10-20T03:37:50","guid":{"rendered":"http:\/\/www.cienciasdasaude.org\/portal\/?page_id=14963"},"modified":"2026-04-16T16:11:47","modified_gmt":"2026-04-16T16:11:47","slug":"pagina-inicial","status":"publish","type":"page","link":"https:\/\/antonini.psc.br\/","title":{"rendered":"P\u00e1gina inicial"},"content":{"rendered":"<p><img loading=\"lazy\" decoding=\"async\" class=\"size-full wp-image-31703 alignright\" src=\"https:\/\/antonini.psc.br\/img\/brasao-antonini-3.jpg\" alt=\"\" width=\"185\" height=\"181\"\/><\/p>\n<p style=\"text-align: justify;\">O objetivo deste dom\u00ednio \u00e9 levar informa\u00e7\u00e3o t\u00e9cnica e cient\u00edfica a todos os interessados e amantes das ci\u00eancias<a href=\"wp-login.php\" target=\"_blank\" rel=\"noopener\">.<\/a><\/p>\n<p style=\"text-align: justify;\">Grato pela visita.<\/p>\n<p style=\"text-align: justify;\"><strong>Vladimir Antonini &#8211; MSc<\/strong> <a href=\"http:\/\/lattes.cnpq.br\/9548926831128004\" target=\"_blank\" rel=\"noopener\"><img decoding=\"async\" style=\"width: 15px; height: 15px;\" title=\"Curr\u00edculo Lattes\" src=\"\/img\/lente.png\" alt=\"Curr\u00edculo Lattes\"\/><\/a><br \/>\nMestre em Medicina (Clinica Cirurgica)<\/p>\n<hr \/>\n<p align=\"justify\"><strong>Polilaminina: f\u00e1rmaco revolucion\u00e1rio ou apenas mais um placebo?<\/strong><\/p>\n<p style=\"text-align: center;\"><video controls=\"controls\" width=\"560\" height=\"\"><source src=\"https:\/\/antonini.psc.br\/mp4\/5946.mp4\" type=\"video\/mp4\" \/><\/video><\/p>\n<p align=\"justify\">&nbsp;<\/p>\n","protected":false},"excerpt":{"rendered":"<p>O objetivo deste dom\u00ednio \u00e9 levar informa\u00e7\u00e3o t\u00e9cnica e cient\u00edfica a todos os interessados e amantes das ci\u00eancias. Grato pela visita. Vladimir Antonini &#8211; MSc Mestre em Medicina (Clinica Cirurgica) Polilaminina: f\u00e1rmaco revolucion\u00e1rio ou apenas mais um placebo? &nbsp;<\/p>\n","protected":false},"author":1,"featured_media":0,"parent":11447,"menu_order":0,"comment_status":"closed","ping_status":"closed","template":"","meta":{"footnotes":""},"class_list":["post-14963","page","type-page","status-publish","hentry"],"_links":{"self":[{"href":"https:\/\/antonini.psc.br\/index.php?rest_route=\/wp\/v2\/pages\/14963","targetHints":{"allow":["GET"]}}],"collection":[{"href":"https:\/\/antonini.psc.br\/index.php?rest_route=\/wp\/v2\/pages"}],"about":[{"href":"https:\/\/antonini.psc.br\/index.php?rest_route=\/wp\/v2\/types\/page"}],"author":[{"embeddable":true,"href":"https:\/\/antonini.psc.br\/index.php?rest_route=\/wp\/v2\/users\/1"}],"replies":[{"embeddable":true,"href":"https:\/\/antonini.psc.br\/index.php?rest_route=%2Fwp%2Fv2%2Fcomments&post=14963"}],"version-history":[{"count":93,"href":"https:\/\/antonini.psc.br\/index.php?rest_route=\/wp\/v2\/pages\/14963\/revisions"}],"predecessor-version":[{"id":75763,"href":"https:\/\/antonini.psc.br\/index.php?rest_route=\/wp\/v2\/pages\/14963\/revisions\/75763"}],"up":[{"embeddable":true,"href":"https:\/\/antonini.psc.br\/index.php?rest_route=\/wp\/v2\/pages\/11447"}],"wp:attachment":[{"href":"https:\/\/antonini.psc.br\/index.php?rest_route=%2Fwp%2Fv2%2Fmedia&parent=14963"}],"curies":[{"name":"wp","href":"https:\/\/api.w.org\/{rel}","templated":true}]}}