{"id":25754,"date":"2018-04-19T23:41:46","date_gmt":"2018-04-19T23:41:46","guid":{"rendered":"http:\/\/antonini.com.br\/?page_id=25754"},"modified":"2025-04-30T04:47:21","modified_gmt":"2025-04-30T04:47:21","slug":"biblioteca-3","status":"publish","type":"page","link":"https:\/\/antonini.psc.br\/?page_id=25754","title":{"rendered":"Biblioteca"},"content":{"rendered":"<ul>\n<li><a href=\"?p=9361\">Artigos<\/a><\/li>\n<li><a href=\"?p=9469\">Bioqu\u00edmica<\/a><\/li>\n<li><a href=\"?p=11465\">Citologia c\u00e9rvico-vaginal<\/a><\/li>\n<li><a href=\"?p=1890\">Colesterol: a verdade sobre um falso vil\u00e3o<\/a><\/li>\n<li><a href=\"?p=31783\">Covid-19<\/a><\/li>\n<li><a href=\"?p=11475\">Desenvolvimento feminino: um guia pr\u00e1tico de aux\u00edlio \u00e0s m\u00e3es<\/a><\/li>\n<li><a href=\"?p=23646\">Embriologia<\/a><\/li>\n<li><a href=\"?p=29325\">Farmacologia<\/a><\/li>\n<li><a href=\"?p=5170\">Hematologia pr\u00e1tica <\/a><\/li>\n<li><a href=\"?p=5827\">Hist\u00f3ria da Farm\u00e1cia e da Psicologia <\/a><\/li>\n<li><a href=\"?p=31352\">Psicofarmacologia<\/a><\/li>\n<li><a href=\"?p=30560\">Psicopatologia<\/a><\/li>\n<li><a href=\"?page_id=37068\">Turismo<\/a><\/li>\n<li><a href=\"?p=31914\">Vacina da UFPR<\/a><\/li>\n<\/ul>\n<p style=\"text-align: center;\">[<a href=\"javascript:history.go(-1)\">Voltar<\/a>]<\/p>\n","protected":false},"excerpt":{"rendered":"<p>Artigos Bioqu\u00edmica Citologia c\u00e9rvico-vaginal Colesterol: a verdade sobre um falso vil\u00e3o Covid-19 Desenvolvimento feminino: um guia pr\u00e1tico de aux\u00edlio \u00e0s m\u00e3es Embriologia Farmacologia Hematologia pr\u00e1tica Hist\u00f3ria da Farm\u00e1cia e da Psicologia Psicofarmacologia Psicopatologia Turismo Vacina da UFPR [Voltar]<\/p>\n","protected":false},"author":1,"featured_media":0,"parent":0,"menu_order":0,"comment_status":"closed","ping_status":"closed","template":"","meta":{"footnotes":""},"class_list":["post-25754","page","type-page","status-publish","hentry"],"_links":{"self":[{"href":"https:\/\/antonini.psc.br\/index.php?rest_route=\/wp\/v2\/pages\/25754","targetHints":{"allow":["GET"]}}],"collection":[{"href":"https:\/\/antonini.psc.br\/index.php?rest_route=\/wp\/v2\/pages"}],"about":[{"href":"https:\/\/antonini.psc.br\/index.php?rest_route=\/wp\/v2\/types\/page"}],"author":[{"embeddable":true,"href":"https:\/\/antonini.psc.br\/index.php?rest_route=\/wp\/v2\/users\/1"}],"replies":[{"embeddable":true,"href":"https:\/\/antonini.psc.br\/index.php?rest_route=%2Fwp%2Fv2%2Fcomments&post=25754"}],"version-history":[{"count":27,"href":"https:\/\/antonini.psc.br\/index.php?rest_route=\/wp\/v2\/pages\/25754\/revisions"}],"predecessor-version":[{"id":73844,"href":"https:\/\/antonini.psc.br\/index.php?rest_route=\/wp\/v2\/pages\/25754\/revisions\/73844"}],"wp:attachment":[{"href":"https:\/\/antonini.psc.br\/index.php?rest_route=%2Fwp%2Fv2%2Fmedia&parent=25754"}],"curies":[{"name":"wp","href":"https:\/\/api.w.org\/{rel}","templated":true}]}}