{"id":72805,"date":"2024-12-26T14:29:23","date_gmt":"2024-12-26T14:29:23","guid":{"rendered":"https:\/\/antonini.psc.br\/?page_id=72805"},"modified":"2025-07-25T03:27:25","modified_gmt":"2025-07-25T03:27:25","slug":"editoriais","status":"publish","type":"page","link":"https:\/\/antonini.psc.br\/?page_id=72805","title":{"rendered":"Editoriais"},"content":{"rendered":"<ul>\n<li><a href=\"?p=72676\">A castra\u00e7\u00e3o qu\u00edmica de \u201cped\u00f3filos\u201d ser\u00e1 tiro de canh\u00e3o nos p\u00e9s<\/a><\/li>\n<li><a href=\"?p=33507\">A decad\u00eancia do Ir\u00e3 nas m\u00e3os dos aiatol\u00e1s<\/a><\/li>\n<li><a href=\"?p=73498\">A esquerda tupiniquim em surto hist\u00e9rico conversivo<\/a><\/li>\n<li><a href=\"?p=73861\">A falsa discuss\u00e3o sobre o racismo<\/a><\/li>\n<li><a href=\"?p=33386\">A farsa do controle ou cura do diabetes pelo magn\u00e9sio<\/a><\/li>\n<li><a href=\"?p=72774\">A insana demoniza\u00e7\u00e3o do s\u00f3dio<\/a><\/li>\n<li><a href=\"?p=72800\">A insanidade dominando o Brasil<\/a><\/li>\n<li><a href=\"?p=73874\">A intelig\u00eancia artificial \u00e9 o \u201cGrande Irm\u00e3o\u201d da \u201cprofecia\u201d de Orson Welles<\/a><\/li>\n<li><a href=\"?p=73639\">A malandragem da ind\u00fastria farmac\u00eautica<\/a><\/li>\n<li><a href=\"?p=33471\">A picaretagem farmacoterap\u00eautica denunciada no pr\u00f3prio YouTube<\/a><\/li>\n<li><a href=\"?p=73850\">A vigarice disfar\u00e7ada de pseudoci\u00eancia a servi\u00e7o do interesse comercial<\/a><\/li>\n<li><a href=\"?p=33326\">Advogados podem prescrever f\u00e1rmacos e suplementos?<\/a><\/li>\n<li><a href=\"?p=73544\">AMB: prescri\u00e7\u00e3o de rem\u00e9dios por farmac\u00eauticos \u00e9 \u201dpreocupante\u201d\n<li><a href=\"?p=73430\">Ao contr\u00e1rio do que a patoleia esquerdotapa pensa, Donald Trump n\u00e3o est\u00e1 do lado do Bolsonaro<\/a><\/li>\n<li><a href=\"?p=73840\">Ao discutir com o Copilot as exig\u00eancias absurdas da Micro$oft, a IA acabou elogiando o Linux<\/a><\/li>\n<li><a href=\"?p=72923\">Brasil fomentando o anti-semitismo e ressuscitando o nazismo<\/a><\/li>\n<li><a href=\"?p=73349\">Cad\u00ea o Disco \u201cC:\\\u201d do Linux?<\/a><\/li>\n<li><a href=\"?p=73450\">C\u00e2mara dos Deputados discute fim do Regime Jur\u00eddico \u00danico dos servidores p\u00fablicos<\/a><\/li>\n<li><a href=\"?p=73511\">Canais em redes sociais est\u00e3o fomentando o racismo de maneira sutil\n<li><a href=\"?p=73617\">Compara\u00e7\u00e3o \u201cnon sense\u201d entre Samsung Galaxy S25 Ultra e iPhone 16 Pro Max<\/a><\/li>\n<li><a href=\"?p=73691\">Conselho Federal de Farm\u00e1cia aprova prescri\u00e7\u00e3o de medicamentos tarjados por farmac\u00eauticos<\/a><\/li>\n<li><a href=\"?p=73545\">Conselho Federal de Farm\u00e1cia permite que farmac\u00eauticos prescrevam medicamentos; entidades m\u00e9dicas apontam ilegalidade<\/a><\/li>\n<li><a href=\"?p=73513\">Conselho Federal de Medicina entra na Justi\u00e7a contra resolu\u00e7\u00e3o que autoriza farmac\u00eauticos a prescreverem rem\u00e9dios<\/a><\/li>\n<li><a href=\"?p=31783\">Covid-19<\/a><\/li>\n<li><a href=\"?p=31612\">Deputado quer barrar transi\u00e7\u00e3o de g\u00eanero para crian\u00e7as e adolescentes<\/a><\/li>\n<li><a href=\"?p=72922\">Endurecimento jur\u00eddico ou enlouquecimento progressivo e irrevers\u00edvel?<\/a><\/li>\n<li><a href=\"?p=73341\">Est\u00e3o \u201croubando\u201d o lugar das mulheres no esporte?\n<li><a href=\"?p=33297\">Estelionato ecovigarista do efeito estufa<\/a><\/li>\n<li><a href=\"?p=28395\">Estudo comprova vantagem de transg\u00eaneros nos esportes femininos<\/a><\/li>\n<li><a href=\"?p=73370\">Estudo diz que n\u00edveis \u201cnormais\u201d de vitamina B12 afetam sa\u00fade cognitiva<\/a><\/li>\n<li><a href=\"?p=73393\">Gilmar Mendes diz que inqu\u00e9rito do golpe \u00e9 mais grave que o mensal\u00e3o<\/a><\/li>\n<li><a href=\"?p=31637\">Hist\u00f3ria do dom\u00ednio antonini.com.br<\/a><\/li>\n<li><a href=\"?p=31673\">Mais uma da s\u00e9rie \u201cVerdades, verdadeiras\u201d\u2026<\/a><\/li>\n<li><a href=\"?p=73854\">Mais uma farsa ecovigarista<\/a><\/li>\n<li><a href=\"?p=74108\">M\u00e9dicos a servi\u00e7o da ind\u00fastria farmac\u00eautica<\/a><\/li>\n<li><a href=\"?p=73623\">Micro$oft prepara atualiza\u00e7\u00e3o no Windows 11 para exigir mudan\u00e7as na conta<\/a><\/li>\n<li><a href=\"?p=73501\">N\u00e3o adianta Bolsonaro espernear\n<li><a href=\"?p=72906\">Novos estudos mostram diferen\u00e7a entre cotistas e n\u00e3o-cotistas<\/a><\/li>\n<li><a href=\"?p=73436\">O endeusamento da intelig\u00eancia artificial: insanidade ou vigarice?\n<li><a href=\"?p=36978\">O important\u00edssimo recado dado pela elei\u00e7\u00e3o presidencial Norte-americana<\/a><\/li>\n<li><a href=\"?p=73387\">O que o Senado est\u00e1 esperando para acabar com a tirania do psicopata togado?<\/a><\/li>\n<li><a href=\"?p=73609\">O recado das ruas ao sistema corrupto instaurado por lula e seus comparsas togados golpistas<\/a><\/li>\n<li><a href=\"?p=73325\">Para qu\u00ea serve a vitamina B12?\n<li><a href=\"?p=32830\">Picaretagens farmacoterap\u00eauticas<\/a><\/li>\n<li><a href=\"?p=73355\">Picaretagens, trambiques e crimes que colocam a sa\u00fade em risco<\/a><\/li>\n<li><a href=\"?p=73471\">Pollo Carvajal fecha dela\u00e7\u00e3o com o Minist\u00e9rio P\u00fablico dos EUA: \u201cn\u00e3o sobrar\u00e1 pedra sobre pedra\u201d<\/a><\/li>\n<li><a href=\"?p=33504\">Por que a obsess\u00e3o mu\u00e7ulmana em destruir Israel?<\/a><\/li>\n<li><a href=\"?p=33546\">Por que usar software livre?<\/a><\/li>\n<li><a href=\"?p=33466\">Quem \u00e9 o charlat\u00e3o que est\u00e1 patrocinando esta mat\u00e9ria falaciosa e criminosa?<\/a><\/li>\n<li><a href=\"?p=73602\">Resgate hist\u00f3rico ou tentativa de sensibilizar a popula\u00e7\u00e3o?<\/a><\/li>\n<li><a href=\"?p=73708\">Sugest\u00e3o de Emenda Constitucional para acabar com o banditismo pol\u00edtico e judici\u00e1rio<\/a><\/li>\n<li><a href=\"?p=33404\">Teste r\u00e1pido de sanidade mental<\/a><\/li>\n<li><a href=\"?p=73883\">Triste constata\u00e7\u00e3o e conclus\u00e3o\u2026<\/a><\/li>\n<li><a href=\"?p=29630\">Um engodo chamado carro el\u00e9trico<\/a><\/li>\n<li><a href=\"?p=74243\">Uma defini\u00e7\u00e3o simpl\u00f3ria do Brasil lulopetista<\/a><\/li>\n<li><a href=\"?p=28428\">Vem a\u00ed uma nova decep\u00e7\u00e3o: 5G<\/a><\/li>\n<li><a href=\"?p=73428\">Vem a\u00ed mais uma iPorcaria da Apple<\/a><\/li>\n<p><\/a><\/li>\n<p><\/a><\/li>\n<p><\/a><\/li>\n<p><\/a><\/li>\n<p><\/a><\/li>\n<p><\/a><\/li>\n<\/ul>\n<p style=\"text-align: center;\">[<a href=\"javascript:history.go(-1)\">Voltar<\/a>]<\/p>\n","protected":false},"excerpt":{"rendered":"<p>A castra\u00e7\u00e3o qu\u00edmica de \u201cped\u00f3filos\u201d ser\u00e1 tiro de canh\u00e3o nos p\u00e9s A decad\u00eancia do Ir\u00e3 nas m\u00e3os dos aiatol\u00e1s A esquerda tupiniquim em surto hist\u00e9rico conversivo A falsa discuss\u00e3o sobre o racismo A farsa do controle ou cura do diabetes pelo magn\u00e9sio A insana demoniza\u00e7\u00e3o do s\u00f3dio A insanidade dominando o Brasil A intelig\u00eancia artificial [&hellip;]<\/p>\n","protected":false},"author":1,"featured_media":0,"parent":0,"menu_order":2,"comment_status":"closed","ping_status":"closed","template":"","meta":{"footnotes":""},"class_list":["post-72805","page","type-page","status-publish","hentry"],"_links":{"self":[{"href":"https:\/\/antonini.psc.br\/index.php?rest_route=\/wp\/v2\/pages\/72805","targetHints":{"allow":["GET"]}}],"collection":[{"href":"https:\/\/antonini.psc.br\/index.php?rest_route=\/wp\/v2\/pages"}],"about":[{"href":"https:\/\/antonini.psc.br\/index.php?rest_route=\/wp\/v2\/types\/page"}],"author":[{"embeddable":true,"href":"https:\/\/antonini.psc.br\/index.php?rest_route=\/wp\/v2\/users\/1"}],"replies":[{"embeddable":true,"href":"https:\/\/antonini.psc.br\/index.php?rest_route=%2Fwp%2Fv2%2Fcomments&post=72805"}],"version-history":[{"count":23,"href":"https:\/\/antonini.psc.br\/index.php?rest_route=\/wp\/v2\/pages\/72805\/revisions"}],"predecessor-version":[{"id":74376,"href":"https:\/\/antonini.psc.br\/index.php?rest_route=\/wp\/v2\/pages\/72805\/revisions\/74376"}],"wp:attachment":[{"href":"https:\/\/antonini.psc.br\/index.php?rest_route=%2Fwp%2Fv2%2Fmedia&parent=72805"}],"curies":[{"name":"wp","href":"https:\/\/api.w.org\/{rel}","templated":true}]}}