{"id":73437,"date":"2025-03-06T13:33:26","date_gmt":"2025-03-06T13:33:26","guid":{"rendered":"https:\/\/antonini.com.br\/?page_id=73437"},"modified":"2025-05-24T19:45:18","modified_gmt":"2025-05-24T19:45:18","slug":"dsm-i","status":"publish","type":"page","link":"https:\/\/antonini.psc.br\/?page_id=73437","title":{"rendered":"DSM"},"content":{"rendered":"<h2>Diagn\u00f3stico de Sanidade Mental &#8211; primeira parte<\/h2>\n<p><!--more--><\/p>\n<p style=\"text-align: justify;\">Se este bicho estiver andando na rua:<!--more--><\/p>\n<p><img decoding=\"async\" class=\"aligncenter wp-image-71339\" src=\"https:\/\/antonini.com.br\/img\/crocodilo-19903150.webp\" alt=\"\" width=\"300\" height=\"x\"\/><\/p>\n<p style=\"text-align: justify;\">E uma pessoa o v\u00ea e teima s\u00ea-lo assim<\/p>\n<p><img loading=\"lazy\" decoding=\"async\" class=\"aligncenter wp-image-71340\" src=\"https:\/\/antonini.com.br\/img\/gazela.webp\" alt=\"\" width=\"300\" height=\"300\"\/><\/p>\n<p style=\"text-align: justify;\">Qual o seu diagn\u00f3stico?<\/p>\n<p style=\"text-align: justify;\">Surto delirante de esquizofrenia paranoica ou efeito de drogas il\u00edcitas ou f\u00e1rmacos alucin\u00f3genos?<\/p>\n<p style=\"text-align: justify;\">Continue o teste <a href=\"?p=72882\">aqui<\/a><\/p>\n<p style=\"text-align: center;\">[<a href=\"javascript:history.go(-1)\">Voltar<\/a>]<\/p>\n","protected":false},"excerpt":{"rendered":"<p>Diagn\u00f3stico de Sanidade Mental &#8211; primeira parte<\/p>\n","protected":false},"author":1,"featured_media":0,"parent":0,"menu_order":1,"comment_status":"closed","ping_status":"closed","template":"","meta":{"footnotes":""},"class_list":["post-73437","page","type-page","status-publish","hentry"],"_links":{"self":[{"href":"https:\/\/antonini.psc.br\/index.php?rest_route=\/wp\/v2\/pages\/73437","targetHints":{"allow":["GET"]}}],"collection":[{"href":"https:\/\/antonini.psc.br\/index.php?rest_route=\/wp\/v2\/pages"}],"about":[{"href":"https:\/\/antonini.psc.br\/index.php?rest_route=\/wp\/v2\/types\/page"}],"author":[{"embeddable":true,"href":"https:\/\/antonini.psc.br\/index.php?rest_route=\/wp\/v2\/users\/1"}],"replies":[{"embeddable":true,"href":"https:\/\/antonini.psc.br\/index.php?rest_route=%2Fwp%2Fv2%2Fcomments&post=73437"}],"version-history":[{"count":5,"href":"https:\/\/antonini.psc.br\/index.php?rest_route=\/wp\/v2\/pages\/73437\/revisions"}],"predecessor-version":[{"id":73998,"href":"https:\/\/antonini.psc.br\/index.php?rest_route=\/wp\/v2\/pages\/73437\/revisions\/73998"}],"wp:attachment":[{"href":"https:\/\/antonini.psc.br\/index.php?rest_route=%2Fwp%2Fv2%2Fmedia&parent=73437"}],"curies":[{"name":"wp","href":"https:\/\/api.w.org\/{rel}","templated":true}]}}